{"id":6301,"date":"2021-03-03T17:26:27","date_gmt":"2021-03-03T16:26:27","guid":{"rendered":"https:\/\/toshl.com\/blog\/?page_id=6301"},"modified":"2022-04-11T14:04:35","modified_gmt":"2022-04-11T12:04:35","slug":"pogosto-zastavljena-vprasanja-nbanka-povezave","status":"publish","type":"page","link":"https:\/\/toshl.com\/blog\/pogosto-zastavljena-vprasanja-nbanka-povezave\/","title":{"rendered":"Pogosto zastavljena vpra\u0161anja &#8211; N Banka povezave"},"content":{"rendered":"\n<p><strong>Kako pove\u017eem svoj N Banka ra\u010dun s Toshlom?<\/strong><\/p>\n\n\n\n<p>Povezovanje N Banka ra\u010duna z aplikacijo Toshl je povsem enostavno. Za vas so pripravili kratek vodi\u010d s posnetki zaslonov.<\/p>\n\n\n\n<ol class=\"wp-block-list\"><li>Odprete Toshl app, v glavnem meniju najdete Ban\u010dne povezave<\/li><li>Izberete N Banko<\/li><li>Nato vas vodi\u010d pelje skozi prijavo na N Banko<\/li><li>Povezava je vzpostavljena, Toshl ra\u010dun samodejno nadgrajen na Medici<\/li><\/ol>\n\n\n\n<p>Za najbolj enostavno povezovanje sledite korakom&nbsp;<a href=\"https:\/\/www.sberbank.si\/osebne-finance\/digitalno-bancnistvo\/toshl\/navodila-za-povezovanje-racuna\" target=\"_blank\" rel=\"noreferrer noopener\">na povezavi.<\/a><\/p>\n\n\n\n<p><\/p>\n\n\n\n<p><\/p>\n\n\n\n<p><strong>Kateri podatki so potrebni za aktivacijo povezave?<\/strong><\/p>\n\n\n\n<p>Za povezovanje va\u0161ega N Banka ra\u010duna z aplikacijo Toshl potrebujete:&nbsp;<\/p>\n\n\n\n<p>&#8211; Uporabni\u0161ki ra\u010dun v aplikaciji Toshl (ustvarjen v nekaj klikih, <a href=\"https:\/\/toshl.com\/sl\/signup\/\">ustvari ra\u010dun<\/a>),<\/p>\n\n\n\n<p>&#8211; spletno banko N Banka, za potrditev povezave (\u0161e ne uporabljate spletne banke N Banke? <a href=\"https:\/\/www.sberbank.si\/osebne-finance\/racuni\/odpri-racun?utm_source=toshl&amp;utm_medium=&amp;utm_content=&amp;utm_campaign=toshl\">Celoten postopek aktivacije opravite prek spleta<\/a> ),<\/p>\n\n\n\n<p>&#8211; uporabni\u0161ko ime in geslo za prijavo v va\u0161o spletno banko.<\/p>\n\n\n\n<p><\/p>\n\n\n\n<p><\/p>\n\n\n\n<p><strong>Iz katerih bank lahko uva\u017eam podatke?<\/strong><\/p>\n\n\n\n<p>V \u010dasu pisanja je za povezovanje v Toshlu na voljo okoli 15 000 povezav z bankami in finan\u010dnimi storitvami \u0161irom sveta. <\/p>\n\n\n\n<p>Mo\u017eno je povezati skoraj vse slovenske banke in uvoziti osebne ban\u010dne ra\u010dune pri njih. Razpolo\u017eljivost karti\u010dnih ra\u010dunov in poslovnih ban\u010dnih ra\u010dunov je odvisna od posamezne banke.<\/p>\n\n\n\n<p>To\u010den podatek o \u0161tevilu povezav in iskanje po njih je na voljo na strani <a href=\"https:\/\/toshl.com\/sl\/bancne-povezave\/\">Ban\u010dne povezave<\/a>. <\/p>\n\n\n\n<p><\/p>\n\n\n\n<p><\/p>\n\n\n\n<p><strong>Kako deluje kategorizacija stro\u0161kov?<\/strong><\/p>\n\n\n\n<p>Pri uvozu z ban\u010dne povezave se stro\u0161ki in prihodki samodejno kategorizirajo na podlagi opisa v stro\u0161ku, ki je uvo\u017een z banke. V kolikor je dovolj specifi\u010den, je razv\u0161\u010den v eno od 12 privzetih kategorij, \u010de je na voljo ve\u010d informacij pa se dodajo \u0161e tagi (dodatne oznake). <\/p>\n\n\n\n<p>\u010ce za\u010detna samodejna kategorizacija ne ustreza, lahko to seveda kadarkoli popravite na vnosu v Toshl aplikaciji. Aplikacija si bo te va\u0161e popravke zapomnila in na prihodnjih vnosih s podobnimi opisi uporabila va\u0161o kategorizacijo. <a href=\"https:\/\/toshl.com\/blog\/spending-categories-that-learn-from-you\/\" data-type=\"post\" data-id=\"5255\">Bolj podrobno o sistemu kategorizacije<\/a> (v ang.)<\/p>\n\n\n\n<p><\/p>\n\n\n\n<p><\/p>\n\n\n\n<p><strong>Lahko uvozim le posamezne ra\u010dune?<\/strong><\/p>\n\n\n\n<p>Ja. Ve\u010dina bank ponudi izbiro ra\u010dunov za uvoz \u017ee ob dodajanju povezave, po prijavi v banko &#8211; tako je tudi pri N Banki.<\/p>\n\n\n\n<p>V kolikor banka te opcije filtriranja ne ponudi sama, se uvozijo vsi finan\u010dni ra\u010duni ki so na voljo. \u010ce nekaterih od teh ra\u010dunov ne potrebujete, lahko v seznamu finan\u010dnih ra\u010dunov na desni, odstranite posamezen finan\u010dni ra\u010dun s te povezave, skupaj s podatki. Ta finan\u010dni ra\u010dun bo ostal odstranjen, ostali ra\u010duni z iste povezave pa se bodo \u0161e naprej posodabljali kot obi\u010dajno. <\/p>\n\n\n\n<p><\/p>\n\n\n\n<p><\/p>\n\n\n\n<p><strong>Kako je poskrbljeno za zasebnost in varnost?<\/strong><\/p>\n\n\n\n<p>\u0160ifriramo podatke v tranzitu, delamo z varnostno-zanesljivimi partnerji za ban\u010dne povezave (Salt Edge, Plaid), osebne podatke \u0161ifriramo tudi v lokalni bazi, <a href=\"https:\/\/toshl.com\/blog\/two-factor-authentication-now-available-in-toshl-finance-apps\/\" data-type=\"post\" data-id=\"2830\">omogo\u010damo 2-faktorsko prijavo<\/a>, dodatno zaklepanje aplikacije s pristnim odtisom ali obrazom in imamo nasploh varnostne aspetke vedno v mislih pri razvoju in upravljanju aplikacij.<\/p>\n\n\n\n<p>Pri povezavah z bankami uporabljamo sistem prijave, kjer va\u0161i prijavni podatki nikoli ne gredo skozi Toshl &#8211; vnesete jih neposredno na spletni strani banke. Za tak\u0161no prijavo (prek API) je potrebna podpora na strani banke. Zahvaljujo\u010d evropski zakonodaji (PSD2) je taka prijava mogo\u010da pri vseh slovenskih povezavah. <\/p>\n\n\n\n<p>Na\u0161e varnostne prakse regulira tudi Banka Slovenije, ki nam je <a href=\"https:\/\/toshl.com\/blog\/toshl-granted-an-eu-psd2-aisp-registration-by-bank-of-slovenia\/\" data-type=\"post\" data-id=\"6193\">podelila registracijo storitev za zagotavljanje dostopa do informacij na ra\u010dunih<\/a>.<\/p>\n\n\n\n<p>Imamo jasno <a href=\"https:\/\/toshl.com\/privacy\/\">politiko zasebnosti<\/a>. Do podatkov ne dostopamo, \u010de nas za to ne zaprosi lastnik ra\u010duna za namene pomo\u010di uporabnikom. Izvajamo redne preglede upravi\u010denosti dostopa do podatkov na podlagi zahtevka uporabnika. Ve\u010d <a href=\"https:\/\/toshl.com\/privacy\/\">informacij o varnosti in zasebnosti<\/a>.<\/p>\n\n\n\n<p><\/p>\n\n\n\n<p><\/p>\n\n\n\n<p><strong>Kako so prikazani in \u0161teti transferji med mojimi ra\u010duni?<\/strong><\/p>\n\n\n\n<p>Transferji med internimi finan\u010dni ra\u010duni uporabnika ne \u0161tejejo v se\u0161tevek stro\u0161kov ali prihodkov. Ker gre za interen prenos denarja, je vrednost za uporabnika nevtralna.<\/p>\n\n\n\n<p>To dr\u017ei, \u010de sta prikazna (vklopljena) izvorni in ciljni ra\u010dun transferja. \u010ce izvorni ali ciljni ra\u010dun nista prikazana (izklopljena), potem se transfer tja ali od tam \u0161teje kot stro\u0161ek, oziroma prihodek.<\/p>\n\n\n\n<p>Na podlagi ban\u010dnih podatkov, Toshl posku\u0161a sam zaznati kateri pari stro\u0161kov na enem ra\u010dunu in prihodkov na drugem so dejansko transferji. To ve\u010dinoma deluje povsem samodejno, \u010de sistem ni prepri\u010dan v transfer, pa vas bo vpra\u0161al. <a href=\"https:\/\/toshl.com\/blog\/matching-transfers-between-financial-accounts\/\" data-type=\"post\" data-id=\"5195\">Ve\u010d informacij o transferjih<\/a><\/p>\n\n\n\n<p><\/p>\n\n\n\n<p><\/p>\n\n\n\n<p><strong>Od kje ime Medici in \u010demu te po\u0161asti?<\/strong><\/p>\n\n\n\n<p>Medi\u010dejci so bili vplivna dru\u017eina z apeninskega polotoka v \u010dasu renesanse. Bili so sprva poslovne\u017ei, nato vladarji, meceni mnogih umetnikov in celo pape\u017ei. Med drugim so postavili temelje ban\u010dni\u0161tvu, zato je naro\u010dni\u0161ki paket, ki omogo\u010da povezovanje z bankami dobil ime prav po njih.<\/p>\n\n\n\n<p>Nenazadnje so si tudi Toshl po\u0161asti \u017ee za\u017eelele nekaj nove renesan\u010dne garderobe in besedo pri upravljanju toskanskih mestnih dr\u017eavic. \u010ce te zanima katerega Medi\u010dejca predstavlja katera po\u0161ast, klikni na <a href=\"https:\/\/toshl.com\/blog\/the-origins-of-toshl-medici\/\">\u010dlanek o izvoru Toshl Medi\u010dejcev<\/a>. Predvsem pa, <em>festina lente<\/em>.<\/p>\n\n\n\n<figure class=\"wp-block-image size-large\"><a href=\"https:\/\/i0.wp.com\/toshl.com\/blog\/wp-content\/uploads\/2021\/03\/medici_firence_590-1.png?ssl=1\"><img data-recalc-dims=\"1\" loading=\"lazy\" decoding=\"async\" width=\"590\" height=\"590\" src=\"https:\/\/i0.wp.com\/toshl.com\/blog\/wp-content\/uploads\/2021\/03\/medici_firence_590-1.png?resize=590%2C590&#038;ssl=1\" alt=\"\" class=\"wp-image-6304\" srcset=\"https:\/\/i0.wp.com\/toshl.com\/blog\/wp-content\/uploads\/2021\/03\/medici_firence_590-1.png?w=590&amp;ssl=1 590w, https:\/\/i0.wp.com\/toshl.com\/blog\/wp-content\/uploads\/2021\/03\/medici_firence_590-1.png?resize=300%2C300&amp;ssl=1 300w, https:\/\/i0.wp.com\/toshl.com\/blog\/wp-content\/uploads\/2021\/03\/medici_firence_590-1.png?resize=150%2C150&amp;ssl=1 150w, https:\/\/i0.wp.com\/toshl.com\/blog\/wp-content\/uploads\/2021\/03\/medici_firence_590-1.png?resize=144%2C144&amp;ssl=1 144w\" sizes=\"auto, (max-width: 590px) 100vw, 590px\" \/><\/a><\/figure>\n\n\n\n<p><\/p>\n\n\n\n<p><\/p>\n","protected":false},"excerpt":{"rendered":"<p>Kako pove\u017eem svoj N Banka ra\u010dun s Toshlom? Povezovanje N Banka ra\u010duna z aplikacijo Toshl je povsem enostavno. Za vas so pripravili kratek vodi\u010d s posnetki zaslonov. Odprete Toshl app, v glavnem meniju najdete Ban\u010dne povezave Izberete N Banko Nato vas vodi\u010d pelje skozi prijavo na N Banko Povezava je vzpostavljena, Toshl ra\u010dun samodejno nadgrajen &hellip; <a href=\"https:\/\/toshl.com\/blog\/pogosto-zastavljena-vprasanja-nbanka-povezave\/\">Continued<\/a><\/p>\n","protected":false},"author":2,"featured_media":0,"parent":0,"menu_order":0,"comment_status":"closed","ping_status":"closed","template":"","meta":{"inline_featured_image":false,"jetpack_post_was_ever_published":false,"footnotes":""},"class_list":["post-6301","page","type-page","status-publish","hentry"],"jetpack_shortlink":"https:\/\/wp.me\/P9HkH6-1DD","jetpack_sharing_enabled":true,"amp_enabled":true,"_links":{"self":[{"href":"https:\/\/toshl.com\/blog\/wp-json\/wp\/v2\/pages\/6301","targetHints":{"allow":["GET"]}}],"collection":[{"href":"https:\/\/toshl.com\/blog\/wp-json\/wp\/v2\/pages"}],"about":[{"href":"https:\/\/toshl.com\/blog\/wp-json\/wp\/v2\/types\/page"}],"author":[{"embeddable":true,"href":"https:\/\/toshl.com\/blog\/wp-json\/wp\/v2\/users\/2"}],"replies":[{"embeddable":true,"href":"https:\/\/toshl.com\/blog\/wp-json\/wp\/v2\/comments?post=6301"}],"version-history":[{"count":8,"href":"https:\/\/toshl.com\/blog\/wp-json\/wp\/v2\/pages\/6301\/revisions"}],"predecessor-version":[{"id":6637,"href":"https:\/\/toshl.com\/blog\/wp-json\/wp\/v2\/pages\/6301\/revisions\/6637"}],"wp:attachment":[{"href":"https:\/\/toshl.com\/blog\/wp-json\/wp\/v2\/media?parent=6301"}],"curies":[{"name":"wp","href":"https:\/\/api.w.org\/{rel}","templated":true}]}}